{"id":2988,"date":"2025-11-08T09:48:51","date_gmt":"2025-11-08T09:48:51","guid":{"rendered":"https:\/\/tekmino.themejunction.net\/?page_id=132"},"modified":"2026-04-08T18:01:02","modified_gmt":"2026-04-08T18:01:02","slug":"contact-us","status":"publish","type":"page","link":"https:\/\/new1tech.net\/en\/contact-us\/","title":{"rendered":"Contacte-Nos"},"content":{"rendered":"<div data-elementor-type=\"wp-page\" data-elementor-id=\"2988\" class=\"elementor elementor-2988\">\n\t\t\t\t<div class=\"has_eae_slider elementor-element elementor-element-a1b4fff e-flex e-con-boxed e-con e-parent\" data-eae-slider=\"89574\" data-id=\"a1b4fff\" data-element_type=\"container\" data-e-type=\"container\" data-settings=\"{&quot;tj-animation&quot;:&quot;none&quot;}\">\n\t\t\t\t\t<div class=\"e-con-inner\">\n\t\t<div class=\"has_eae_slider elementor-element elementor-element-b1b099f e-con-full e-flex e-con e-child\" data-eae-slider=\"93462\" data-id=\"b1b099f\" data-element_type=\"container\" data-e-type=\"container\" data-settings=\"{&quot;tj-animation&quot;:&quot;none&quot;}\">\n\t\t\t\t<div class=\"elementor-element elementor-element-4be5a39 tj_sec_heading elementor-align-center elementor-widget elementor-widget-tj-title\" data-id=\"4be5a39\" data-element_type=\"widget\" data-e-type=\"widget\" data-settings=\"{&quot;tj-animation&quot;:&quot;none&quot;}\" data-widget_type=\"tj-title.default\">\n\t\t\t\t<div class=\"elementor-widget-container\">\n\t\t\t\t\t\r\n<div class=\"sec-heading\">\r\n\r\n  <!-- Subtitle -->\r\n      <span data-delay=\"0.1\" data-direction=\"bottom\" class=\"sub-title tj-fade-anim\">\r\n      [ Informa\u00e7\u00f5es de contacto ]    <\/span>\r\n  \r\n  <!-- Title -->\r\n      <h2 class=\"sec-title tj-split-text-1\">\r\n      Contacte-nos agora!    <\/h2>\r\n  \r\n<\/div>\r\n\t\t\t\t<\/div>\n\t\t\t\t<\/div>\n\t\t\t\t<\/div>\n\t\t<div class=\"has_eae_slider elementor-element elementor-element-6f3c60b e-con-full e-grid e-con e-child\" data-eae-slider=\"50697\" data-id=\"6f3c60b\" data-element_type=\"container\" data-e-type=\"container\" data-settings=\"{&quot;tj-animation&quot;:&quot;none&quot;}\">\n\t\t\t\t<div class=\"elementor-element elementor-element-4db59a3 elementor-widget elementor-widget-tj-contact-info\" data-id=\"4db59a3\" data-element_type=\"widget\" data-e-type=\"widget\" data-settings=\"{&quot;tj-animation&quot;:&quot;none&quot;}\" data-widget_type=\"tj-contact-info.default\">\n\t\t\t\t<div class=\"elementor-widget-container\">\n\t\t\t\t\t\r\n<div data-delay=\"0.1\" data-direction=\"bottom\" class=\"contact-item style-2 tj-el-wrapper tj-fade-anim\">\r\n      <div class=\"contact-icon tj-el-icon\"><i aria-hidden=\"true\" class=\"tj tji-location\"><\/i><\/div>\r\n  \r\n\r\n      <h3 class=\"contact-title tj-el-label\">Escrit\u00f3rios<\/h3>\r\n  \r\n      <div class=\"contact-list\">\r\n                <span class=\"contact-link tj-el-link\">Av. Do Rio Tembe, Rua do Major Couto, 73 1\u00ba Malanga, Maputo Mozambique<\/span>\r\n          <\/div>\r\n  <\/div>\t\t\t\t<\/div>\n\t\t\t\t<\/div>\n\t\t\t\t<div class=\"elementor-element elementor-element-3dfc27c elementor-widget elementor-widget-tj-contact-info\" data-id=\"3dfc27c\" data-element_type=\"widget\" data-e-type=\"widget\" data-settings=\"{&quot;tj-animation&quot;:&quot;none&quot;}\" data-widget_type=\"tj-contact-info.default\">\n\t\t\t\t<div class=\"elementor-widget-container\">\n\t\t\t\t\t\r\n<div data-delay=\"0.3\" data-direction=\"bottom\" class=\"contact-item style-2 tj-el-wrapper tj-fade-anim\">\r\n      <div class=\"contact-icon tj-el-icon\"><i aria-hidden=\"true\" class=\"tj tji-envelop\"><\/i><\/div>\r\n  \r\n\r\n      <h3 class=\"contact-title tj-el-label\">Endere\u00e7o Electr\u00f3nico<\/h3>\r\n  \r\n      <div class=\"contact-list\">\r\n                <a class=\"contact-link tj-el-link\" href=\"mailto:info@new1tech.net\">\r\n            info@new1tech.net          <\/a>\r\n            <\/div>\r\n  <\/div>\t\t\t\t<\/div>\n\t\t\t\t<\/div>\n\t\t\t\t<div class=\"elementor-element elementor-element-db69a5f elementor-widget elementor-widget-tj-contact-info\" data-id=\"db69a5f\" data-element_type=\"widget\" data-e-type=\"widget\" data-settings=\"{&quot;tj-animation&quot;:&quot;none&quot;}\" data-widget_type=\"tj-contact-info.default\">\n\t\t\t\t<div class=\"elementor-widget-container\">\n\t\t\t\t\t\r\n<div data-delay=\"0.5\" data-direction=\"bottom\" class=\"contact-item style-2 tj-el-wrapper tj-fade-anim\">\r\n      <div class=\"contact-icon tj-el-icon\"><i aria-hidden=\"true\" class=\"tj tji-phone\"><\/i><\/div>\r\n  \r\n\r\n      <h3 class=\"contact-title tj-el-label\">Ligue-nos<\/h3>\r\n  \r\n      <div class=\"contact-list\">\r\n                <a class=\"contact-link tj-el-link\" href=\"tel:25887866-9692\">\r\n            +258 (87) 866-9692          <\/a>\r\n            <\/div>\r\n  <\/div>\t\t\t\t<\/div>\n\t\t\t\t<\/div>\n\t\t\t\t<\/div>\n\t\t\t\t\t<\/div>\n\t\t\t\t<\/div>\n\t\t<div class=\"has_eae_slider elementor-element elementor-element-86a3336 e-grid e-con-boxed e-con e-parent\" data-eae-slider=\"95268\" data-id=\"86a3336\" data-element_type=\"container\" data-e-type=\"container\" data-settings=\"{&quot;tj-animation&quot;:&quot;none&quot;}\">\n\t\t\t\t\t<div class=\"e-con-inner\">\n\t\t\t\t<div class=\"elementor-element elementor-element-82e6030 elementor-widget elementor-widget-tj-form\" data-id=\"82e6030\" data-element_type=\"widget\" data-e-type=\"widget\" data-settings=\"{&quot;tj-animation&quot;:&quot;none&quot;}\" data-widget_type=\"tj-form.default\">\n\t\t\t\t<div class=\"elementor-widget-container\">\n\t\t\t\t\t\r\n<div data-delay=\"0.1\" data-direction=\"bottom\" class=\"contact-form contact-form-3 tj-el-form tj-fade-anim\">\r\n      <h3 class=\"title tj-el-title\">Sinta-se \u00e0 vontade para nos contactar!<\/h3>\r\n  \r\n      <div class=\"form_wrap\">\r\n      \n<div class=\"wpcf7 no-js\" id=\"wpcf7-f2282-o1\" lang=\"en-US\" dir=\"ltr\" data-wpcf7-id=\"2282\">\n<div class=\"screen-reader-response\"><p role=\"status\" aria-live=\"polite\" aria-atomic=\"true\"><\/p> <ul><\/ul><\/div>\n<form action=\"\/en\/wp-json\/wp\/v2\/pages\/2988#wpcf7-f2282-o1\" method=\"post\" class=\"wpcf7-form init\" aria-label=\"Contact form\" novalidate=\"novalidate\" data-status=\"init\" data-trp-original-action=\"\/en\/wp-json\/wp\/v2\/pages\/2988#wpcf7-f2282-o1\">\n<fieldset class=\"hidden-fields-container\"><input type=\"hidden\" name=\"_wpcf7\" value=\"2282\" \/><input type=\"hidden\" name=\"_wpcf7_version\" value=\"6.1.5\" \/><input type=\"hidden\" name=\"_wpcf7_locale\" value=\"en_US\" \/><input type=\"hidden\" name=\"_wpcf7_unit_tag\" value=\"wpcf7-f2282-o1\" \/><input type=\"hidden\" name=\"_wpcf7_container_post\" value=\"0\" \/><input type=\"hidden\" name=\"_wpcf7_posted_data_hash\" value=\"\" \/>\n<\/fieldset>\n<div class=\"row\">\n  <div class=\"col-sm-6\">\n    <div class=\"form-input\">\n      <span class=\"wpcf7-form-control-wrap\" data-name=\"user_name\"><input size=\"40\" maxlength=\"400\" class=\"wpcf7-form-control wpcf7-text wpcf7-validates-as-required\" aria-required=\"true\" aria-invalid=\"false\" placeholder=\"Nome Completo*\" value=\"\" type=\"text\" name=\"user_name\" \/><\/span>\n    <\/div>\n  <\/div>\n  <div class=\"col-sm-6\">\n    <div class=\"form-input\">\n      <span class=\"wpcf7-form-control-wrap\" data-name=\"user_email\"><input size=\"40\" maxlength=\"400\" class=\"wpcf7-form-control wpcf7-email wpcf7-validates-as-required wpcf7-text wpcf7-validates-as-email\" aria-required=\"true\" aria-invalid=\"false\" placeholder=\"Endere\u00e7o Electr\u00f3nico*\" value=\"\" type=\"email\" name=\"user_email\" \/><\/span>\n    <\/div>\n  <\/div>\n  <div class=\"col-sm-6\">\n    <div class=\"form-input\">\n      <span class=\"wpcf7-form-control-wrap\" data-name=\"user_phone\"><input size=\"40\" maxlength=\"400\" class=\"wpcf7-form-control wpcf7-tel wpcf7-validates-as-required wpcf7-text wpcf7-validates-as-tel\" aria-required=\"true\" aria-invalid=\"false\" placeholder=\"Contacto*\" value=\"\" type=\"tel\" name=\"user_phone\" \/><\/span>\n    <\/div>\n  <\/div>\n  <div class=\"col-sm-6\">\n    <div class=\"form-input\">\n      <div class=\"tj-nice-select-box\">\n        <div class=\"tj-select\">\n          <span class=\"wpcf7-form-control-wrap\" data-name=\"user_select\"><select class=\"wpcf7-form-control wpcf7-select wpcf7-validates-as-required\" aria-required=\"true\" aria-invalid=\"false\" name=\"user_select\"><option value=\"Selecione uma Op\u00e7\u00e3o\">Selecione uma Op\u00e7\u00e3o<\/option><option value=\"Automa\u00e7\u00e3o\">Automation<\/option><option value=\"Monitoriza\u00e7\u00e3o &amp; Observabilidade\">Monitoriza\u00e7\u00e3o &amp; Observabilidade<\/option><option value=\"Enterprise IT Support\">Enterprise IT Support<\/option><option value=\"Virtualiza\u00e7\u00e3o\">Virtualisation<\/option><option value=\"Solu\u00e7\u00f5es Open Source\">Open Source Solutions<\/option><option value=\"Site Reliability Engineering (SRE)\">Site Reliability Engineering (SRE)<\/option><\/select><\/span>\n        <\/div>\n      <\/div>\n    <\/div>\n  <\/div>\n  <div class=\"col-sm-12\">\n    <div class=\"form-input message-input\">\n      <span class=\"wpcf7-form-control-wrap\" data-name=\"user_message\"><textarea cols=\"40\" rows=\"10\" maxlength=\"2000\" class=\"wpcf7-form-control wpcf7-textarea wpcf7-validates-as-required\" aria-required=\"true\" aria-invalid=\"false\" placeholder=\"Digite uma mensagem*\" name=\"user_message\"><\/textarea><\/span>\n    <\/div>\n  <\/div>\n  <div class=\"submit-btn\">\n    <button class=\"tj-primary-btn\" type=\"submit\">\n      <span class=\"btn-text\"><span>Enviar Mensagem<\/span><\/span>\n      <span class=\"btn-icon\"><i class=\"tji-arrow-right-3\"><\/i><\/span>\n    <\/button>\n  <\/div>\n<\/div><div class=\"wpcf7-response-output\" aria-hidden=\"true\"><\/div>\n<input type=\"hidden\" name=\"trp-form-language\" value=\"en\"\/><\/form>\n<\/div>\n    <\/div>\r\n  <\/div>\t\t\t\t<\/div>\n\t\t\t\t<\/div>\n\t\t\t\t<div class=\"elementor-element elementor-element-8f6819c elementor-widget elementor-widget-tj-map\" data-id=\"8f6819c\" data-element_type=\"widget\" data-e-type=\"widget\" data-settings=\"{&quot;tj-animation&quot;:&quot;none&quot;}\" data-widget_type=\"tj-map.default\">\n\t\t\t\t<div class=\"elementor-widget-container\">\n\t\t\t\t\t\r\n<div data-delay=\"0.4\" data-direction=\"bottom\" class=\"map-area tj-fade-anim\"  data-latitude=\"-25.955123182783048\"\r\n  data-longitude=\"32.558944930155945\"\r\n  data-zoom=\"25\"\r\n  data-icon=\"tji-location\">\r\n\r\n  <div class=\"tj_map\" id=\"tjMap-8f6819c\"><\/div>\r\n<\/div>\t\t\t\t<\/div>\n\t\t\t\t<\/div>\n\t\t\t\t\t<\/div>\n\t\t\t\t<\/div>\n\t\t\t\t<\/div>","protected":false},"excerpt":{"rendered":"<p>[ Informa\u00e7\u00f5es de contacto ] Contacte-nos agora! Escrit\u00f3rios Av. Do Rio Tembe, Rua do Major Couto, 73 1\u00ba Malanga, Maputo Mozambique Endere\u00e7o Electr\u00f3nico info@new1tech.net Ligue-nos +258 (87) 866-9692 Sinta-se \u00e0 vontade para nos contactar! Selecione uma Op\u00e7\u00e3oAutoma\u00e7\u00e3oMonitoriza\u00e7\u00e3o &amp; ObservabilidadeEnterprise IT SupportVirtualiza\u00e7\u00e3oSolu\u00e7\u00f5es Open SourceSite Reliability Engineering (SRE) Enviar Mensagem<\/p>","protected":false},"author":1,"featured_media":0,"parent":0,"menu_order":0,"comment_status":"closed","ping_status":"closed","template":"elementor_header_footer","meta":{"_acf_changed":false,"_monsterinsights_skip_tracking":false,"_monsterinsights_sitenote_active":false,"_monsterinsights_sitenote_note":"","_monsterinsights_sitenote_category":0,"_joinchat":[],"footnotes":""},"class_list":["post-2988","page","type-page","status-publish","hentry"],"acf":[],"_links":{"self":[{"href":"https:\/\/new1tech.net\/en\/wp-json\/wp\/v2\/pages\/2988","targetHints":{"allow":["GET"]}}],"collection":[{"href":"https:\/\/new1tech.net\/en\/wp-json\/wp\/v2\/pages"}],"about":[{"href":"https:\/\/new1tech.net\/en\/wp-json\/wp\/v2\/types\/page"}],"author":[{"embeddable":true,"href":"https:\/\/new1tech.net\/en\/wp-json\/wp\/v2\/users\/1"}],"replies":[{"embeddable":true,"href":"https:\/\/new1tech.net\/en\/wp-json\/wp\/v2\/comments?post=2988"}],"version-history":[{"count":22,"href":"https:\/\/new1tech.net\/en\/wp-json\/wp\/v2\/pages\/2988\/revisions"}],"predecessor-version":[{"id":3298,"href":"https:\/\/new1tech.net\/en\/wp-json\/wp\/v2\/pages\/2988\/revisions\/3298"}],"wp:attachment":[{"href":"https:\/\/new1tech.net\/en\/wp-json\/wp\/v2\/media?parent=2988"}],"curies":[{"name":"wp","href":"https:\/\/api.w.org\/{rel}","templated":true}]}}